{"id":26086,"date":"2021-09-13T15:19:55","date_gmt":"2021-09-13T20:19:55","guid":{"rendered":"https:\/\/pancanal.com\/en\/?page_id=26086"},"modified":"2021-09-14T09:46:47","modified_gmt":"2021-09-14T09:46:47","slug":"terms-of-use","status":"publish","type":"page","link":"https:\/\/pancanal.com\/en\/terms-of-use\/","title":{"rendered":"Terms of Use"},"content":{"rendered":"<h4><span style=\"color: #000000;\"><strong>Terms of Use<\/strong><\/span><\/h4>\n<p><span style=\"color: #000000;\">Copyright @ Panama Canal Authority 2021 &#8211; The information, documents, reports, maps and photographs appearing on this site are the property of the Panama Canal Authority; therefore, their modification or alteration, as well as their copying, distribution, transmission, reproduction or publication for commercial or lucrative purposes is prohibited. Their use for commercial or lucrative purposes requires prior express authorization from the Panama Canal Authority.<br \/>\n<\/span><\/p>\n<h4><span style=\"color: #000000;\"><strong>Terms of Use of Images<\/strong><\/span><\/h4>\n<p><span style=\"color: #000000;\">By accessing, consulting or using this platform, you agree to comply with the following terms and conditions. If you do not agree to be bound by these terms and conditions, you may not access or use this platform or the images contained herein. The Panama Canal Authority is the owner or licensee of all copyrights and other intellectual property rights to the images contained in this platform. By downloading and using them, you agree and undertake to:<\/span><\/p>\n<p><span style=\"color: #000000;\">La Autoridad del Canal de Panam\u00e1 es propietaria o licenciataria de todos los derechos de autor y otros derechos de propiedad intelectual sobre las im\u00e1genes contenida en esta plataforma. Al descargarlas y usarlas, usted acepta y se compromete a:<\/span><\/p>\n<ol>\n<li><span style=\"color: #000000;\">Atribuir la propiedad de las im\u00e1genes a la Autoridad del Canal de Panam\u00e1 en todo momento y bajo cualquier situaci\u00f3n o circunstancia. Esto puede hacerlo colocando la acreditaci\u00f3n correspondiente como, por ejemplo: \u201cFoto Propiedad de la Autoridad del Canal de Panam\u00e1\u201d o de cualquier otra manera razonable. Nunca podr\u00e1 sugerirse o insinuarse, directa o indirectamente, que la Autoridad del Canal de Panam\u00e1 respalda o avala a su empresa, a usted o su uso.<\/span><\/li>\n<li><span style=\"color: #000000;\">Usar las im\u00e1genes con las marcas de identificaci\u00f3n o leyendas de acreditaci\u00f3n<\/span><br \/>\n<span style=\"color: #000000;\">de derechos que mantengan. Estas indicaciones no pueden ser eliminadas en<\/span><br \/>\n<span style=\"color: #000000;\">ninguna circunstancia.<\/span><\/li>\n<li><span style=\"color: #000000;\">No utilizar las im\u00e1genes con fines comerciales o lucrativos. Tales im\u00e1genes solamente podr\u00e1n ser utilizadas en publicaciones impresas o en l\u00ednea, con<\/span><br \/>\n<span style=\"color: #000000;\">fines editoriales.<\/span><\/li>\n<li><span style=\"color: #000000;\">No usar las im\u00e1genes en publicaciones con prop\u00f3sitos il\u00edcitos, abusivos, difamatorios, obscenos o amenazantes.<\/span><\/li>\n<li><span style=\"color: #000000;\">No duplicar, alterar, distribuir, prestar, ceder o vender las im\u00e1genes cuyo uso se ha permitido. De ser requerido, solamente podr\u00e1 recortar o cambiar el tama\u00f1o de las im\u00e1genes, tanto en baja como en alta resoluci\u00f3n, pero no puede alterarlas de ninguna manera que constituya un trabajo derivado. Esto es extensivo para usted, sus colaboradores, contratistas y subcontratistas.<\/span><\/li>\n<li><span style=\"color: #000000;\">Utilizar las im\u00e1genes solamente para el uso autorizado. En caso de requerirse alguna modificaci\u00f3n, usted deber\u00e1 solicitarlo previamente y por escrito a la Autoridad del Canal de Panam\u00e1.<\/span><\/li>\n<li><span style=\"color: #000000;\">No usar las im\u00e1genes para ser atribuidas como parte del contenido de cualquier otra plataforma o sitio de internet, mediante enlaces o link; sin el consentimiento previo y por escrito de la Autoridad del Canal de Panam\u00e1.<\/span><\/li>\n<li><span style=\"color: #000000;\">No utilizar ni reproducir la marca del Canal de Panam\u00e1, el logotipo, el nombre de la marca y\/o de las asociadas, que son marcas comerciales debidamente registradas, propiedad de la Autoridad del Canal de Panam\u00e1.<\/span><\/li>\n<\/ol>\n<p><span style=\"color: #000000;\">El uso de las im\u00e1genes se rige por las normas de la Autoridad del Canal de Panam\u00e1. En caso de incumplimiento de alguna de las obligaciones a ustedes establecidas, se proceder\u00e1 con la inmediata cesaci\u00f3n de uso de las im\u00e1genes, sin perjuicio de las acciones legales, de cualquier naturaleza, que la Autoridad del Canal de Panam\u00e1 considere pertinentes.<\/span><\/p>\n","protected":false},"excerpt":{"rendered":"<p>Terms of Use Copyright @ Panama Canal Authority 2021 &#8211; The information, documents, reports, maps and photographs appearing on this site are the property of the Panama Canal Authority; therefore, their modification or alteration, as well as their copying, distribution, transmission, reproduction or publication for commercial or lucrative purposes is prohibited. Their use for commercial &hellip; <a href=\"https:\/\/pancanal.com\/en\/terms-of-use\/\" class=\"more-link\">Continue reading<span class=\"screen-reader-text\"> &#8220;Terms of Use&#8221;<\/span><\/a><\/p>\n","protected":false},"author":1,"featured_media":30702,"parent":0,"menu_order":0,"comment_status":"closed","ping_status":"closed","template":"page-templates\/dyanmic-template-page.php","meta":{"_monsterinsights_skip_tracking":false,"_monsterinsights_sitenote_active":false,"_monsterinsights_sitenote_note":"","_monsterinsights_sitenote_category":0,"footnotes":"","_wp_rev_ctl_limit":""},"class_list":["post-26086","page","type-page","status-publish","has-post-thumbnail","hentry"],"acf":[],"yoast_head":"<!-- This site is optimized with the Yoast SEO plugin v21.9.1 - https:\/\/yoast.com\/wordpress\/plugins\/seo\/ -->\n<title>Terms of Use - Autoridad del Canal de Panam\u00e1<\/title>\n<meta name=\"robots\" content=\"index, follow, max-snippet:-1, max-image-preview:large, max-video-preview:-1\" \/>\n<link rel=\"canonical\" href=\"https:\/\/pancanal.com\/en\/terms-of-use\/\" \/>\n<meta property=\"og:locale\" content=\"en_US\" \/>\n<meta property=\"og:type\" content=\"article\" \/>\n<meta property=\"og:title\" content=\"Terms of Use - Autoridad del Canal de Panam\u00e1\" \/>\n<meta property=\"og:description\" content=\"Terms of Use Copyright @ Panama Canal Authority 2021 &#8211; The information, documents, reports, maps and photographs appearing on this site are the property of the Panama Canal Authority; therefore, their modification or alteration, as well as their copying, distribution, transmission, reproduction or publication for commercial or lucrative purposes is prohibited. Their use for commercial &hellip; Continue reading &quot;Terms of Use&quot;\" \/>\n<meta property=\"og:url\" content=\"https:\/\/pancanal.com\/en\/terms-of-use\/\" \/>\n<meta property=\"og:site_name\" content=\"Autoridad del Canal de Panam\u00e1\" \/>\n<meta property=\"article:modified_time\" content=\"2021-09-14T09:46:47+00:00\" \/>\n<meta property=\"og:image\" content=\"https:\/\/pancanal.com\/wp-content\/uploads\/2021\/09\/terminos-politicas-contacto-scaled.jpg\" \/>\n\t<meta property=\"og:image:width\" content=\"2240\" \/>\n\t<meta property=\"og:image:height\" content=\"2560\" \/>\n\t<meta property=\"og:image:type\" content=\"image\/jpeg\" \/>\n<meta name=\"twitter:card\" content=\"summary_large_image\" \/>\n<meta name=\"twitter:label1\" content=\"Est. reading time\" \/>\n\t<meta name=\"twitter:data1\" content=\"3 minutes\" \/>\n<script type=\"application\/ld+json\" class=\"yoast-schema-graph\">{\"@context\":\"https:\/\/schema.org\",\"@graph\":[{\"@type\":\"WebPage\",\"@id\":\"https:\/\/pancanal.com\/en\/terms-of-use\/\",\"url\":\"https:\/\/pancanal.com\/en\/terms-of-use\/\",\"name\":\"Terms of Use - Autoridad del Canal de Panam\u00e1\",\"isPartOf\":{\"@id\":\"https:\/\/pancanal.com\/en\/#website\"},\"datePublished\":\"2021-09-13T20:19:55+00:00\",\"dateModified\":\"2021-09-14T09:46:47+00:00\",\"breadcrumb\":{\"@id\":\"https:\/\/pancanal.com\/en\/terms-of-use\/#breadcrumb\"},\"inLanguage\":\"en-US\",\"potentialAction\":[{\"@type\":\"ReadAction\",\"target\":[\"https:\/\/pancanal.com\/en\/terms-of-use\/\"]}]},{\"@type\":\"BreadcrumbList\",\"@id\":\"https:\/\/pancanal.com\/en\/terms-of-use\/#breadcrumb\",\"itemListElement\":[{\"@type\":\"ListItem\",\"position\":1,\"name\":\"Inicio\",\"item\":\"https:\/\/pancanal.com\/en\/\"},{\"@type\":\"ListItem\",\"position\":2,\"name\":\"Terms of Use\"}]},{\"@type\":\"WebSite\",\"@id\":\"https:\/\/pancanal.com\/en\/#website\",\"url\":\"https:\/\/pancanal.com\/en\/\",\"name\":\"Autoridad del Canal de Panam\u00e1\",\"description\":\"\",\"publisher\":{\"@id\":\"https:\/\/pancanal.com\/en\/#organization\"},\"potentialAction\":[{\"@type\":\"SearchAction\",\"target\":{\"@type\":\"EntryPoint\",\"urlTemplate\":\"https:\/\/pancanal.com\/en\/?s={search_term_string}\"},\"query-input\":\"required name=search_term_string\"}],\"inLanguage\":\"en-US\"},{\"@type\":\"Organization\",\"@id\":\"https:\/\/pancanal.com\/en\/#organization\",\"name\":\"Canal de Panam\u00e1\",\"url\":\"https:\/\/pancanal.com\/en\/\",\"logo\":{\"@type\":\"ImageObject\",\"inLanguage\":\"en-US\",\"@id\":\"https:\/\/pancanal.com\/en\/#\/schema\/logo\/image\/\",\"url\":\"https:\/\/pancanal.wpengine.com\/wp-content\/uploads\/2021\/07\/p-logo.png\",\"contentUrl\":\"https:\/\/pancanal.wpengine.com\/wp-content\/uploads\/2021\/07\/p-logo.png\",\"width\":588,\"height\":124,\"caption\":\"Canal de Panam\u00e1\"},\"image\":{\"@id\":\"https:\/\/pancanal.com\/en\/#\/schema\/logo\/image\/\"}}]}<\/script>\n<!-- \/ Yoast SEO plugin. -->","yoast_head_json":{"title":"Terms of Use - Autoridad del Canal de Panam\u00e1","robots":{"index":"index","follow":"follow","max-snippet":"max-snippet:-1","max-image-preview":"max-image-preview:large","max-video-preview":"max-video-preview:-1"},"canonical":"https:\/\/pancanal.com\/en\/terms-of-use\/","og_locale":"en_US","og_type":"article","og_title":"Terms of Use - Autoridad del Canal de Panam\u00e1","og_description":"Terms of Use Copyright @ Panama Canal Authority 2021 &#8211; The information, documents, reports, maps and photographs appearing on this site are the property of the Panama Canal Authority; therefore, their modification or alteration, as well as their copying, distribution, transmission, reproduction or publication for commercial or lucrative purposes is prohibited. Their use for commercial &hellip; Continue reading \"Terms of Use\"","og_url":"https:\/\/pancanal.com\/en\/terms-of-use\/","og_site_name":"Autoridad del Canal de Panam\u00e1","article_modified_time":"2021-09-14T09:46:47+00:00","og_image":[{"width":2240,"height":2560,"url":"https:\/\/pancanal.com\/wp-content\/uploads\/2021\/09\/terminos-politicas-contacto-scaled.jpg","type":"image\/jpeg"}],"twitter_card":"summary_large_image","twitter_misc":{"Est. reading time":"3 minutes"},"schema":{"@context":"https:\/\/schema.org","@graph":[{"@type":"WebPage","@id":"https:\/\/pancanal.com\/en\/terms-of-use\/","url":"https:\/\/pancanal.com\/en\/terms-of-use\/","name":"Terms of Use - Autoridad del Canal de Panam\u00e1","isPartOf":{"@id":"https:\/\/pancanal.com\/en\/#website"},"datePublished":"2021-09-13T20:19:55+00:00","dateModified":"2021-09-14T09:46:47+00:00","breadcrumb":{"@id":"https:\/\/pancanal.com\/en\/terms-of-use\/#breadcrumb"},"inLanguage":"en-US","potentialAction":[{"@type":"ReadAction","target":["https:\/\/pancanal.com\/en\/terms-of-use\/"]}]},{"@type":"BreadcrumbList","@id":"https:\/\/pancanal.com\/en\/terms-of-use\/#breadcrumb","itemListElement":[{"@type":"ListItem","position":1,"name":"Inicio","item":"https:\/\/pancanal.com\/en\/"},{"@type":"ListItem","position":2,"name":"Terms of Use"}]},{"@type":"WebSite","@id":"https:\/\/pancanal.com\/en\/#website","url":"https:\/\/pancanal.com\/en\/","name":"Autoridad del Canal de Panam\u00e1","description":"","publisher":{"@id":"https:\/\/pancanal.com\/en\/#organization"},"potentialAction":[{"@type":"SearchAction","target":{"@type":"EntryPoint","urlTemplate":"https:\/\/pancanal.com\/en\/?s={search_term_string}"},"query-input":"required name=search_term_string"}],"inLanguage":"en-US"},{"@type":"Organization","@id":"https:\/\/pancanal.com\/en\/#organization","name":"Canal de Panam\u00e1","url":"https:\/\/pancanal.com\/en\/","logo":{"@type":"ImageObject","inLanguage":"en-US","@id":"https:\/\/pancanal.com\/en\/#\/schema\/logo\/image\/","url":"https:\/\/pancanal.wpengine.com\/wp-content\/uploads\/2021\/07\/p-logo.png","contentUrl":"https:\/\/pancanal.wpengine.com\/wp-content\/uploads\/2021\/07\/p-logo.png","width":588,"height":124,"caption":"Canal de Panam\u00e1"},"image":{"@id":"https:\/\/pancanal.com\/en\/#\/schema\/logo\/image\/"}}]}},"_links":{"self":[{"href":"https:\/\/pancanal.com\/en\/wp-json\/wp\/v2\/pages\/26086","targetHints":{"allow":["GET"]}}],"collection":[{"href":"https:\/\/pancanal.com\/en\/wp-json\/wp\/v2\/pages"}],"about":[{"href":"https:\/\/pancanal.com\/en\/wp-json\/wp\/v2\/types\/page"}],"author":[{"embeddable":true,"href":"https:\/\/pancanal.com\/en\/wp-json\/wp\/v2\/users\/1"}],"replies":[{"embeddable":true,"href":"https:\/\/pancanal.com\/en\/wp-json\/wp\/v2\/comments?post=26086"}],"version-history":[{"count":0,"href":"https:\/\/pancanal.com\/en\/wp-json\/wp\/v2\/pages\/26086\/revisions"}],"wp:featuredmedia":[{"embeddable":true,"href":"https:\/\/pancanal.com\/en\/wp-json\/wp\/v2\/media\/30702"}],"wp:attachment":[{"href":"https:\/\/pancanal.com\/en\/wp-json\/wp\/v2\/media?parent=26086"}],"curies":[{"name":"wp","href":"https:\/\/api.w.org\/{rel}","templated":true}]}}